{"id":398,"date":"2023-05-09T18:09:32","date_gmt":"2023-05-09T18:09:32","guid":{"rendered":"https:\/\/gmrspain.es\/politica-privacidad\/"},"modified":"2023-07-27T15:55:36","modified_gmt":"2023-07-27T15:55:36","slug":"politica-privacidad","status":"publish","type":"page","link":"https:\/\/gmrspain.es\/en\/politica-privacidad\/","title":{"rendered":"Pol\u00edtica privacidad"},"content":{"rendered":"\t\t<div data-elementor-type=\"wp-page\" data-elementor-id=\"398\" class=\"elementor elementor-398 elementor-346\">\n\t\t\t\t\t\t\t\t\t<section class=\"elementor-section elementor-top-section elementor-element elementor-element-36983dc6 elementor-section-boxed elementor-section-height-default elementor-section-height-default\" data-id=\"36983dc6\" data-element_type=\"section\">\n\t\t\t\t\t\t<div class=\"elementor-container elementor-column-gap-default\">\n\t\t\t\t\t<div class=\"elementor-column elementor-col-100 elementor-top-column elementor-element elementor-element-214bacfe\" data-id=\"214bacfe\" data-element_type=\"column\">\n\t\t\t<div class=\"elementor-widget-wrap elementor-element-populated\">\n\t\t\t\t\t\t\t\t<div class=\"elementor-element elementor-element-a162521 elementor-widget elementor-widget-heading\" data-id=\"a162521\" data-element_type=\"widget\" data-widget_type=\"heading.default\">\n\t\t\t\t<div class=\"elementor-widget-container\">\n\t\t\t<style>\/*! elementor - v3.12.2 - 23-04-2023 *\/\n.elementor-heading-title{padding:0;margin:0;line-height:1}.elementor-widget-heading .elementor-heading-title[class*=elementor-size-]>a{color:inherit;font-size:inherit;line-height:inherit}.elementor-widget-heading .elementor-heading-title.elementor-size-small{font-size:15px}.elementor-widget-heading .elementor-heading-title.elementor-size-medium{font-size:19px}.elementor-widget-heading .elementor-heading-title.elementor-size-large{font-size:29px}.elementor-widget-heading .elementor-heading-title.elementor-size-xl{font-size:39px}.elementor-widget-heading .elementor-heading-title.elementor-size-xxl{font-size:59px}<\/style><h2 class=\"elementor-heading-title elementor-size-default\">Pol\u00edtica de privacidad<\/h2>\t\t<\/div>\n\t\t\t\t<\/div>\n\t\t\t\t<div class=\"elementor-element elementor-element-4b4d86f3 elementor-widget elementor-widget-text-editor\" data-id=\"4b4d86f3\" data-element_type=\"widget\" data-widget_type=\"text-editor.default\">\n\t\t\t\t<div class=\"elementor-widget-container\">\n\t\t\t<style>\/*! elementor - v3.12.2 - 23-04-2023 *\/\n.elementor-widget-text-editor.elementor-drop-cap-view-stacked .elementor-drop-cap{background-color:#69727d;color:#fff}.elementor-widget-text-editor.elementor-drop-cap-view-framed .elementor-drop-cap{color:#69727d;border:3px solid;background-color:transparent}.elementor-widget-text-editor:not(.elementor-drop-cap-view-default) .elementor-drop-cap{margin-top:8px}.elementor-widget-text-editor:not(.elementor-drop-cap-view-default) .elementor-drop-cap-letter{width:1em;height:1em}.elementor-widget-text-editor .elementor-drop-cap{float:left;text-align:center;line-height:1;font-size:50px}.elementor-widget-text-editor .elementor-drop-cap-letter{display:inline-block}<\/style>\t\t\t\t\n<p><b>POL\u00cdTICA DE PRIVACIDAD<\/b><\/p>\n<p>\u00a0<\/p>\n<p><span style=\"font-weight: 400;\">En cumplimiento del Reglamento (UE) 2016\/679 del Parlamento Europeo y del Consejo, de 27 de abril de 2016, y de la normativa vigente en materia de protecci\u00f3n de datos, ponemos en su conocimiento que el responsable del tratamiento de sus datos es Global Medical Recruitment Spain, S.L. (en adelante GMR Spain) con CIF B44831881 y\u00a0 con domicilio en calle Font de l\u2019Or 30, pta 27, 46119 N\u00e1quera, y con mail de contacto: <\/span><a href=\"mailto:info@gmrspain.es\"><span style=\"font-weight: 400;\">info@gmrspain.es<\/span><\/a><span style=\"font-weight: 400;\">\u00a0\u00a0<\/span><\/p>\n<p>\u00a0<\/p>\n<p><span style=\"font-weight: 400;\">Mientras no nos comunique lo contrario, entenderemos que sus datos no han sido modificados, que usted se compromete a notificarnos cualquier variaci\u00f3n y que tenemos su consentimiento para utilizarlos para las finalidades que se mencionan a continuaci\u00f3n.<\/span><\/p>\n<p>\u00a0<\/p>\n<p><span style=\"font-weight: 400;\">GMR Spain le informa que proceder\u00e1 a tratar los datos de manera l\u00edcita, leal, transparente, adecuada, pertinente, limitada, exacta y actualizada. Es por ello que GMR Spain se compromete a adoptar todas las medidas razonables para que estos se supriman o rectifiquen sin dilaci\u00f3n cuando sean inexactos.\u00a0<\/span><\/p>\n<p><br \/><br \/><\/p>\n<ol>\n<li><b> FINALIDADES<\/b><\/li>\n<\/ol>\n<p>\u00a0<\/p>\n<p><span style=\"font-weight: 400;\">En GMR Spain trataremos tus datos personales recabados a trav\u00e9s del Sitio Web <\/span><a href=\"http:\/\/www.gmrspain.es\"><span style=\"font-weight: 400;\">www.gmrspain.es<\/span><\/a><span style=\"font-weight: 400;\">, con las siguientes finalidades:<\/span><\/p>\n<p>\u00a0<\/p>\n<ul>\n<li style=\"font-weight: 400;\" aria-level=\"1\"><span style=\"font-weight: 400;\">Gesti\u00f3n de los CV para ofrecer a las personas interesadas un puesto de trabajo que se adapte a sus cualidades y experiencia.<\/span><\/li>\n<li style=\"font-weight: 400;\" aria-level=\"1\"><span style=\"font-weight: 400;\">El proceso de archivo, de actualizaci\u00f3n de los sistemas, de protecci\u00f3n y custodia de informaci\u00f3n y bases de datos de la empresa.<\/span><\/li>\n<li style=\"font-weight: 400;\" aria-level=\"1\"><span style=\"font-weight: 400;\">La transmisi\u00f3n de datos a terceros con los cuales se hayan celebrado contratos con este objeto, para fines contractuales, administrativos y\/o operativos.<\/span><\/li>\n<li style=\"font-weight: 400;\" aria-level=\"1\"><span style=\"font-weight: 400;\">Facilitar la informaci\u00f3n solicitada por el usuario a trav\u00e9s del formulario de contacto.<\/span><\/li>\n<\/ul>\n<p>\u00a0<\/p>\n<p><span style=\"font-weight: 400;\">Los campos de dichos registros son de cumplimentaci\u00f3n obligatoria, siendo imposible realizar las finalidades expresadas si no se aportan estos datos.<\/span><\/p>\n<p>\u00a0<\/p>\n<ol start=\"2\">\n<li><b> DATOS QUE SE TRATAN<\/b><\/li>\n<\/ol>\n<p>\u00a0<\/p>\n<p><span style=\"font-weight: 400;\">Los datos a tratar por GMR Spain en el marco de la relaci\u00f3n con el interesado y condicionado a las finalidades consentidas, son:<\/span><\/p>\n<p>\u00a0<\/p>\n<ul>\n<li style=\"font-weight: 400;\" aria-level=\"1\"><span style=\"font-weight: 400;\">Datos identificativos b\u00e1sicos (por ejemplo, a t\u00edtulo enunciativo y no limitativo): nombre, apellidos, tel\u00e9fono o correo electr\u00f3nico.<\/span><\/li>\n<\/ul>\n<p>\u00a0<\/p>\n<ul>\n<li style=\"font-weight: 400;\" aria-level=\"1\"><span style=\"font-weight: 400;\">Datos contenidos en un CV.\u00a0<\/span><\/li>\n<\/ul>\n<p>\u00a0<\/p>\n<ol start=\"3\">\n<li><b> CONSERVACI\u00d3N DE LOS DATOS<\/b><\/li>\n<\/ol>\n<p>\u00a0<\/p>\n<p><span style=\"font-weight: 400;\">Los datos personales proporcionados se conservar\u00e1n:<\/span><\/p>\n<ul>\n<li style=\"font-weight: 400;\" aria-level=\"1\"><span style=\"font-weight: 400;\">Mientras sean necesarios para dar respuesta a las peticiones o solicitudes realizadas.<\/span><\/li>\n<li style=\"font-weight: 400;\" aria-level=\"1\"><span style=\"font-weight: 400;\">Durante un plazo m\u00e1ximo de 24 meses si no se ha realizado una actualizaci\u00f3n del CV aportado por el solicitante.\u00a0<\/span><\/li>\n<li style=\"font-weight: 400;\" aria-level=\"1\"><span style=\"font-weight: 400;\">Hasta que se solicite la supresi\u00f3n de los datos por el interesado.<\/span><\/li>\n<li style=\"font-weight: 400;\" aria-level=\"1\"><span style=\"font-weight: 400;\">Por el tiempo necesario para dar cumplimiento a las obligaciones legales que en cada caso correspondan acorde con cada tipolog\u00eda de datos.<\/span><\/li>\n<\/ul>\n<p><br \/><br \/><br \/><br \/><\/p>\n<ol start=\"4\">\n<li><b> DESTINATARIOS A LOS QUE SE COMUNICAR\u00c1N LOS DATOS<\/b><\/li>\n<\/ol>\n<p>\u00a0<\/p>\n<p><span style=\"font-weight: 400;\">Los datos del interesado podr\u00e1n ser cedidos en los siguientes casos:<\/span><\/p>\n<ul>\n<li style=\"font-weight: 400;\" aria-level=\"1\"><span style=\"font-weight: 400;\">Cuando exista una obligaci\u00f3n legal.\u00a0<\/span><\/li>\n<li style=\"font-weight: 400;\" aria-level=\"1\"><span style=\"font-weight: 400;\">A los clientes que ofrezcan un puesto de trabajo para el que el interesado puede ser candidato.<\/span><\/li>\n<li style=\"font-weight: 400;\" aria-level=\"1\"><span style=\"font-weight: 400;\">Al Servicio P\u00fablico de Empleo Estatal.<\/span><\/li>\n<li style=\"font-weight: 400;\" aria-level=\"1\"><span style=\"font-weight: 400;\">Cualquier otro sujeto administrativo o privado interviniente en el proceso de contrataci\u00f3n final.<\/span><\/li>\n<li style=\"font-weight: 400;\" aria-level=\"1\"><span style=\"font-weight: 400;\">Proveedores con acceso a datos vinculados a GMR Spain por contrato de encargado de tratamiento.<\/span><\/li>\n<\/ul>\n<p>\u00a0<\/p>\n<p><span style=\"font-weight: 400;\">En ning\u00fan caso, sus datos ser\u00e1n cedidos con finalidad comercial o publicitaria; \u00fanica y exclusivamente se ceder\u00e1n para la correcta prestaci\u00f3n del servicio.<\/span><\/p>\n<p><br \/><br \/><\/p>\n<ol start=\"5\">\n<li><b> LEGITIMACI\u00d3N PARA EL TRATAMIENTO DE SUS DATOS<\/b><\/li>\n<\/ol>\n<p>\u00a0<\/p>\n<p><span style=\"font-weight: 400;\">Las bases legales para gestionar la relaci\u00f3n con el cliente y otros interesados y para ofrecer informaci\u00f3n sobre actividades, productos y servicios relacionados son:<\/span><\/p>\n<p>\u00a0<\/p>\n<ul>\n<li style=\"font-weight: 400;\" aria-level=\"1\"><span style=\"font-weight: 400;\">La solicitud de informaci\u00f3n y\/o la contrataci\u00f3n de los servicios de Global Medical Recruitment Spain, S.L., cuyos t\u00e9rminos y condiciones se pondr\u00e1n a tu disposici\u00f3n en todo caso, de forma previa a una eventual contrataci\u00f3n.<\/span><\/li>\n<li style=\"font-weight: 400;\" aria-level=\"1\"><span style=\"font-weight: 400;\">La ejecuci\u00f3n de un contrato.<\/span><\/li>\n<li style=\"font-weight: 400;\" aria-level=\"1\"><span style=\"font-weight: 400;\">El consentimiento libre, espec\u00edfico, informado e inequ\u00edvoco, en tanto que le informamos poniendo a su disposici\u00f3n la presente pol\u00edtica de privacidad, que tras la lectura de la misma, en caso de estar conforme, puede aceptar mediante una declaraci\u00f3n o una clara acci\u00f3n afirmativa, como el marcado de una casilla dispuesta al efecto.<\/span><\/li>\n<\/ul>\n<p><br \/><br \/><br \/><br \/><br \/><br \/><br \/><\/p>\n<ol start=\"6\">\n<li><b> DERECHOS DEL INTERESADO<\/b><\/li>\n<\/ol>\n<p>\u00a0<\/p>\n<p><span style=\"font-weight: 400;\">Cualquier persona tiene derecho a obtener confirmaci\u00f3n sobre si en GMR Spain estamos tratando datos personales que le conciernan o no. Las personas interesadas y clientes tienen derecho a <\/span><b>acceder<\/b><span style=\"font-weight: 400;\"> a sus datos personales, as\u00ed como a solicitar la <\/span><b>rectificaci\u00f3n<\/b><span style=\"font-weight: 400;\"> de datos inexactos o, en su caso, solicitar su <\/span><b>supresi\u00f3n<\/b><span style=\"font-weight: 400;\"> cuando, entre otros motivos, los datos ya no sean necesarios para los fines para los que fueron recogidos.<\/span><\/p>\n<p>\u00a0<\/p>\n<p><span style=\"font-weight: 400;\">En determinadas circunstancias y por motivos relacionados con su situaci\u00f3n particular, los clientes o interesados podr\u00e1n <\/span><b>oponerse<\/b><span style=\"font-weight: 400;\"> al tratamiento de sus datos. GMR Spain dejar\u00e1 de tratar los datos salvo por motivos leg\u00edtimos imperiosos, o el ejercicio o la defensa de posibles reclamaciones.<\/span><\/p>\n<p>\u00a0<\/p>\n<p><span style=\"font-weight: 400;\">En determinadas circunstancias, los clientes o interesados podr\u00e1n solicitar la <\/span><b>limitaci\u00f3n<\/b><span style=\"font-weight: 400;\"> del tratamiento, de modo que GMR Spain s\u00f3lo los reservar\u00e1 y utilizar\u00e1 en los casos autorizados por la Ley.<\/span><\/p>\n<p>\u00a0<\/p>\n<p><span style=\"font-weight: 400;\">Cuando los datos se recogen en un formato estructurado, los clientes o interesados podr\u00e1n pedir a GMR Spain la transmisi\u00f3n directa de sus datos a otros responsables o recibir sus datos en formato electr\u00f3nico <\/span><b>(portabilidad<\/b><span style=\"font-weight: 400;\">), para almacenarlos en sus dispositivos propios, sin necesidad de transmitirlos a otros responsables.<\/span><\/p>\n<p>\u00a0<\/p>\n<p><span style=\"font-weight: 400;\">El interesado podr\u00e1 ejercer dichos derechos mediante el env\u00edo de un correo electr\u00f3nico a la direcci\u00f3n <\/span><a href=\"mailto:info@gmrspain.es\"><span style=\"font-weight: 400;\">info@gmrspain.es<\/span><\/a><span style=\"font-weight: 400;\">, adjuntando fotocopia del DNI o documento identificativo sustitutorio e indicando claramente el derecho que desea ejercer. Asimismo podr\u00e1 realizar la solicitud por correo postal a la direcci\u00f3n indicada anteriormente.<\/span><\/p>\n<p>\u00a0<\/p>\n<p><span style=\"font-weight: 400;\">Finalmente, informamos a los interesados que pueden presentar una reclamaci\u00f3n relacionada con el tratamiento de sus datos personales ante la Autoridad de Control (<\/span><a href=\"http:\/\/www.aepd.es\"><span style=\"font-weight: 400;\">www.aepd.es<\/span><\/a><span style=\"font-weight: 400;\">).<\/span><\/p>\n<p>\u00a0<\/p>\n<ol start=\"7\">\n<li><b> PROPIEDAD INTELECTUAL DE LOS CONTENIDOS ALOJADOS<\/b><\/li>\n<\/ol>\n<p>\u00a0<\/p>\n<p><span style=\"font-weight: 400;\">Se proh\u00edbe el uso contrario a la legislaci\u00f3n sobre propiedad intelectual de los servicios prestados por Global Medical Recruitment Spain, S.L. y, en particular de:<\/span><\/p>\n<p>\u00a0<\/p>\n<ul>\n<li style=\"font-weight: 400;\" aria-level=\"1\"><span style=\"font-weight: 400;\">La utilizaci\u00f3n que resulte contraria a las leyes espa\u00f1olas o que infrinja los derechos de terceros.<\/span><\/li>\n<li style=\"font-weight: 400;\" aria-level=\"1\"><span style=\"font-weight: 400;\">La publicaci\u00f3n o la transmisi\u00f3n de cualquier contenido que, a juicio de Global Medical Recruitment Spain, S.L., resulte violento, obsceno, abusivo, ilegal, racial, xen\u00f3fobo o difamatorio.<\/span><\/li>\n<li style=\"font-weight: 400;\" aria-level=\"1\"><span style=\"font-weight: 400;\">Los cracks, n\u00fameros de serie de programas o cualquier otro contenido que vulnere derechos de la propiedad intelectual de terceros.<\/span><\/li>\n<li style=\"font-weight: 400;\" aria-level=\"1\"><span style=\"font-weight: 400;\">La recogida y\/o utilizaci\u00f3n de datos personales de otros usuarios sin su consentimiento expreso o contraviniendo lo dispuesto en el Reglamento (UE) 2016\/679 del Parlamento Europeo y del Consejo, de 27 de abril de 2016, relativo a la protecci\u00f3n de las personas f\u00edsicas en lo que respecta al tratamiento de datos personales y a la libre circulaci\u00f3n de los mismos.<\/span><\/li>\n<li style=\"font-weight: 400;\" aria-level=\"1\"><span style=\"font-weight: 400;\">La utilizaci\u00f3n del servidor de correo del dominio y de las direcciones de correo electr\u00f3nico para el env\u00edo de correo masivo no deseado.<\/span><\/li>\n<li style=\"font-weight: 400;\" aria-level=\"1\"><span style=\"font-weight: 400;\">El usuario tiene toda la responsabilidad sobre el contenido de su web, la informaci\u00f3n transmitida y almacenada, los enlaces de hipertexto, las reivindicaciones de terceros y las acciones legales en referencia a propiedad intelectual, derechos de terceros y protecci\u00f3n de menores.<\/span><\/li>\n<li style=\"font-weight: 400;\" aria-level=\"1\"><span style=\"font-weight: 400;\">El usuario es responsable respecto a las leyes y reglamentos en vigor y las reglas que tienen que ver con el funcionamiento del servicio online, comercio electr\u00f3nico, derechos de autor, mantenimiento del orden p\u00fablico, as\u00ed como principios universales de uso de Internet.<\/span><\/li>\n<li style=\"font-weight: 400;\" aria-level=\"1\"><span style=\"font-weight: 400;\">El usuario indemnizar\u00e1 a Global Medical Recruitment Spain, S.L. por los gastos que generara la imputaci\u00f3n de Global Medical Recruitment Spain, S.L. en alguna causa cuya responsabilidad fuera atribuible al usuario, incluidos honorarios y gastos de defensa jur\u00eddica, incluso en el caso de una decisi\u00f3n judicial no definitiva.<\/span><\/li>\n<\/ul>\n<p>\u00a0<\/p>\n<ol start=\"8\">\n<li><b> PROTECCI\u00d3N DE LA INFORMACI\u00d3N ALOJADA<\/b><\/li>\n<\/ol>\n<p>\u00a0<\/p>\n<p><span style=\"font-weight: 400;\">Global Medical Recruitment Spain, S.L. realiza copias de seguridad de los contenidos alojados en sus servidores, sin embargo no se responsabiliza de la p\u00e9rdida o el borrado accidental de los datos por parte de los usuarios. De igual manera, no garantiza la reposici\u00f3n total de los datos borrados por los usuarios, ya que los citados datos podr\u00edan haber sido suprimidos y\/o modificados durante el periodo del tiempo transcurrido desde la \u00faltima copia de seguridad.<\/span><\/p>\n<p>\u00a0<\/p>\n<p><span style=\"font-weight: 400;\">Los servicios ofertados, excepto los servicios espec\u00edficos de backup, no incluyen la reposici\u00f3n de los contenidos conservados en las copias de seguridad realizadas por Global Medical Recruitment Spain, S.L., cuando esta p\u00e9rdida sea imputable al usuario; en este caso, se determinar\u00e1 una tarifa acorde a la complejidad y volumen de la recuperaci\u00f3n, siempre previa aceptaci\u00f3n del usuario.<\/span><\/p>\n<p><br \/><br \/><br \/><br \/><\/p>\n\t\t\t\t\t\t<\/div>\n\t\t\t\t<\/div>\n\t\t\t\t\t<\/div>\n\t\t<\/div>\n\t\t\t\t\t\t\t<\/div>\n\t\t<\/section>\n\t\t\t\t\t\t\t<\/div>\n\t\t","protected":false},"excerpt":{"rendered":"<p>Pol\u00edtica de privacidad POL\u00cdTICA DE PRIVACIDAD \u00a0 En cumplimiento del Reglamento (UE) 2016\/679 del Parlamento Europeo y del Consejo, de 27 de abril de 2016, y de la normativa vigente en materia de protecci\u00f3n de datos, ponemos en su conocimiento que el responsable del tratamiento de sus datos es Global Medical Recruitment Spain, S.L. (en [&hellip;]<\/p>\n","protected":false},"author":1,"featured_media":0,"parent":0,"menu_order":0,"comment_status":"closed","ping_status":"closed","template":"elementor_header_footer","meta":{"inline_featured_image":false,"footnotes":""},"class_list":["post-398","page","type-page","status-publish","hentry"],"yoast_head":"<!-- This site is optimized with the Yoast SEO plugin v20.8 - https:\/\/yoast.com\/wordpress\/plugins\/seo\/ -->\n<title>Pol\u00edtica privacidad - GMR Spain<\/title>\n<meta name=\"robots\" content=\"index, follow, max-snippet:-1, max-image-preview:large, max-video-preview:-1\" \/>\n<link rel=\"canonical\" href=\"https:\/\/gmrspain.es\/en\/politica-privacidad\/\" \/>\n<meta property=\"og:locale\" content=\"en_US\" \/>\n<meta property=\"og:type\" content=\"article\" \/>\n<meta property=\"og:title\" content=\"Pol\u00edtica privacidad - GMR Spain\" \/>\n<meta property=\"og:description\" content=\"Pol\u00edtica de privacidad POL\u00cdTICA DE PRIVACIDAD \u00a0 En cumplimiento del Reglamento (UE) 2016\/679 del Parlamento Europeo y del Consejo, de 27 de abril de 2016, y de la normativa vigente en materia de protecci\u00f3n de datos, ponemos en su conocimiento que el responsable del tratamiento de sus datos es Global Medical Recruitment Spain, S.L. (en [&hellip;]\" \/>\n<meta property=\"og:url\" content=\"https:\/\/gmrspain.es\/en\/politica-privacidad\/\" \/>\n<meta property=\"og:site_name\" content=\"GMR Spain\" \/>\n<meta property=\"article:modified_time\" content=\"2023-07-27T15:55:36+00:00\" \/>\n<meta name=\"twitter:card\" content=\"summary_large_image\" \/>\n<meta name=\"twitter:label1\" content=\"Est. reading time\" \/>\n\t<meta name=\"twitter:data1\" content=\"7 minutes\" \/>\n<script type=\"application\/ld+json\" class=\"yoast-schema-graph\">{\"@context\":\"https:\/\/schema.org\",\"@graph\":[{\"@type\":\"WebPage\",\"@id\":\"https:\/\/gmrspain.es\/en\/politica-privacidad\/\",\"url\":\"https:\/\/gmrspain.es\/en\/politica-privacidad\/\",\"name\":\"Pol\u00edtica privacidad - GMR Spain\",\"isPartOf\":{\"@id\":\"https:\/\/gmrspain.es\/en\/#website\"},\"datePublished\":\"2023-05-09T18:09:32+00:00\",\"dateModified\":\"2023-07-27T15:55:36+00:00\",\"breadcrumb\":{\"@id\":\"https:\/\/gmrspain.es\/en\/politica-privacidad\/#breadcrumb\"},\"inLanguage\":\"en-US\",\"potentialAction\":[{\"@type\":\"ReadAction\",\"target\":[\"https:\/\/gmrspain.es\/en\/politica-privacidad\/\"]}]},{\"@type\":\"BreadcrumbList\",\"@id\":\"https:\/\/gmrspain.es\/en\/politica-privacidad\/#breadcrumb\",\"itemListElement\":[{\"@type\":\"ListItem\",\"position\":1,\"name\":\"Portada\",\"item\":\"https:\/\/gmrspain.es\/en\/\"},{\"@type\":\"ListItem\",\"position\":2,\"name\":\"Pol\u00edtica privacidad\"}]},{\"@type\":\"WebSite\",\"@id\":\"https:\/\/gmrspain.es\/en\/#website\",\"url\":\"https:\/\/gmrspain.es\/en\/\",\"name\":\"GMR Spain\",\"description\":\"\",\"potentialAction\":[{\"@type\":\"SearchAction\",\"target\":{\"@type\":\"EntryPoint\",\"urlTemplate\":\"https:\/\/gmrspain.es\/en\/?s={search_term_string}\"},\"query-input\":\"required name=search_term_string\"}],\"inLanguage\":\"en-US\"}]}<\/script>\n<!-- \/ Yoast SEO plugin. -->","yoast_head_json":{"title":"Pol\u00edtica privacidad - GMR Spain","robots":{"index":"index","follow":"follow","max-snippet":"max-snippet:-1","max-image-preview":"max-image-preview:large","max-video-preview":"max-video-preview:-1"},"canonical":"https:\/\/gmrspain.es\/en\/politica-privacidad\/","og_locale":"en_US","og_type":"article","og_title":"Pol\u00edtica privacidad - GMR Spain","og_description":"Pol\u00edtica de privacidad POL\u00cdTICA DE PRIVACIDAD \u00a0 En cumplimiento del Reglamento (UE) 2016\/679 del Parlamento Europeo y del Consejo, de 27 de abril de 2016, y de la normativa vigente en materia de protecci\u00f3n de datos, ponemos en su conocimiento que el responsable del tratamiento de sus datos es Global Medical Recruitment Spain, S.L. (en [&hellip;]","og_url":"https:\/\/gmrspain.es\/en\/politica-privacidad\/","og_site_name":"GMR Spain","article_modified_time":"2023-07-27T15:55:36+00:00","twitter_card":"summary_large_image","twitter_misc":{"Est. reading time":"7 minutes"},"schema":{"@context":"https:\/\/schema.org","@graph":[{"@type":"WebPage","@id":"https:\/\/gmrspain.es\/en\/politica-privacidad\/","url":"https:\/\/gmrspain.es\/en\/politica-privacidad\/","name":"Pol\u00edtica privacidad - GMR Spain","isPartOf":{"@id":"https:\/\/gmrspain.es\/en\/#website"},"datePublished":"2023-05-09T18:09:32+00:00","dateModified":"2023-07-27T15:55:36+00:00","breadcrumb":{"@id":"https:\/\/gmrspain.es\/en\/politica-privacidad\/#breadcrumb"},"inLanguage":"en-US","potentialAction":[{"@type":"ReadAction","target":["https:\/\/gmrspain.es\/en\/politica-privacidad\/"]}]},{"@type":"BreadcrumbList","@id":"https:\/\/gmrspain.es\/en\/politica-privacidad\/#breadcrumb","itemListElement":[{"@type":"ListItem","position":1,"name":"Portada","item":"https:\/\/gmrspain.es\/en\/"},{"@type":"ListItem","position":2,"name":"Pol\u00edtica privacidad"}]},{"@type":"WebSite","@id":"https:\/\/gmrspain.es\/en\/#website","url":"https:\/\/gmrspain.es\/en\/","name":"GMR Spain","description":"","potentialAction":[{"@type":"SearchAction","target":{"@type":"EntryPoint","urlTemplate":"https:\/\/gmrspain.es\/en\/?s={search_term_string}"},"query-input":"required name=search_term_string"}],"inLanguage":"en-US"}]}},"_links":{"self":[{"href":"https:\/\/gmrspain.es\/en\/wp-json\/wp\/v2\/pages\/398","targetHints":{"allow":["GET"]}}],"collection":[{"href":"https:\/\/gmrspain.es\/en\/wp-json\/wp\/v2\/pages"}],"about":[{"href":"https:\/\/gmrspain.es\/en\/wp-json\/wp\/v2\/types\/page"}],"author":[{"embeddable":true,"href":"https:\/\/gmrspain.es\/en\/wp-json\/wp\/v2\/users\/1"}],"replies":[{"embeddable":true,"href":"https:\/\/gmrspain.es\/en\/wp-json\/wp\/v2\/comments?post=398"}],"version-history":[{"count":3,"href":"https:\/\/gmrspain.es\/en\/wp-json\/wp\/v2\/pages\/398\/revisions"}],"predecessor-version":[{"id":1102,"href":"https:\/\/gmrspain.es\/en\/wp-json\/wp\/v2\/pages\/398\/revisions\/1102"}],"wp:attachment":[{"href":"https:\/\/gmrspain.es\/en\/wp-json\/wp\/v2\/media?parent=398"}],"curies":[{"name":"wp","href":"https:\/\/api.w.org\/{rel}","templated":true}]}}